{"id":1838,"date":"2026-03-03T14:16:03","date_gmt":"2026-03-03T17:16:03","guid":{"rendered":"https:\/\/niteroidebicicleta.niteroi.rj.gov.br\/?page_id=1838"},"modified":"2026-04-22T10:26:05","modified_gmt":"2026-04-22T13:26:05","slug":"dados-abertos","status":"publish","type":"page","link":"https:\/\/niteroidebicicleta.niteroi.rj.gov.br\/?page_id=1838","title":{"rendered":"Dados Abertos"},"content":{"rendered":"\t\t<div data-elementor-type=\"wp-page\" data-elementor-id=\"1838\" class=\"elementor elementor-1838\">\n\t\t\t\t<div class=\"elementor-element elementor-element-153a819 e-flex e-con-boxed e-con e-parent\" data-id=\"153a819\" data-element_type=\"container\" data-e-type=\"container\">\n\t\t\t\t\t<div class=\"e-con-inner\">\n\t\t\t\t<div class=\"elementor-element elementor-element-836e550 elementor-widget elementor-widget-image\" data-id=\"836e550\" data-element_type=\"widget\" data-e-type=\"widget\" data-widget_type=\"image.default\">\n\t\t\t\t<div class=\"elementor-widget-container\">\n\t\t\t\t\t\t\t\t\t\t\t\t\t\t\t<img decoding=\"async\" src=\"https:\/\/niteroidebicicleta.niteroi.rj.gov.br\/wp-content\/uploads\/elementor\/thumbs\/Copia-de-DSC_0267-scaled-rjrxk1c98dmjf2gqgren92cg8rslyznlliux70zw4k.jpg\" title=\"\" alt=\"\" loading=\"lazy\" \/>\t\t\t\t\t\t\t\t\t\t\t\t\t\t\t<\/div>\n\t\t\t\t<\/div>\n\t\t\t\t\t<\/div>\n\t\t\t\t<\/div>\n\t\t<div class=\"elementor-element elementor-element-000fdaf e-con-full e-flex e-con e-parent\" data-id=\"000fdaf\" data-element_type=\"container\" data-e-type=\"container\">\n\t\t<div class=\"elementor-element elementor-element-74891c7 e-con-full e-flex e-con e-child\" data-id=\"74891c7\" data-element_type=\"container\" data-e-type=\"container\">\n\t\t<div class=\"elementor-element elementor-element-4df7b79 e-con-full e-flex e-con e-child\" data-id=\"4df7b79\" data-element_type=\"container\" data-e-type=\"container\">\n\t\t\t\t<div class=\"elementor-element elementor-element-636ceef animated-slow elementor-invisible elementor-widget elementor-widget-ekit-nav-menu\" data-id=\"636ceef\" data-element_type=\"widget\" data-e-type=\"widget\" data-settings=\"{&quot;_animation&quot;:&quot;zoomInUp&quot;}\" data-widget_type=\"ekit-nav-menu.default\">\n\t\t\t\t<div class=\"elementor-widget-container\">\n\t\t\t\t\t\t\t<nav class=\"ekit-wid-con ekit_menu_responsive_mobile\"\n\t\t\tdata-hamburger-icon=\"\"\n\t\t\tdata-hamburger-icon-type=\"icon\"\n\t\t\tdata-responsive-breakpoint=\"767\">\n\t\t\t            <button class=\"elementskit-menu-hamburger elementskit-menu-toggler\"  type=\"button\" aria-label=\"hamburger-icon\">\n                                    <span class=\"elementskit-menu-hamburger-icon\"><\/span><span class=\"elementskit-menu-hamburger-icon\"><\/span><span class=\"elementskit-menu-hamburger-icon\"><\/span>\n                            <\/button>\n            <div id=\"ekit-megamenu-menu-principal\" class=\"elementskit-menu-container elementskit-menu-offcanvas-elements elementskit-navbar-nav-default ekit-nav-menu-one-page- ekit-nav-dropdown-hover\"><ul id=\"menu-menu-principal\" class=\"elementskit-navbar-nav elementskit-menu-po-center submenu-click-on-icon\"><li id=\"menu-item-1551\" class=\"menu-item menu-item-type-post_type menu-item-object-page menu-item-1551 nav-item elementskit-mobile-builder-content\" data-vertical-menu=750px><a href=\"https:\/\/niteroidebicicleta.niteroi.rj.gov.br\/?page_id=1549\" class=\"ekit-menu-nav-link\">Institucional<\/a><\/li>\n<li id=\"menu-item-1588\" class=\"menu-item menu-item-type-post_type menu-item-object-page menu-item-1588 nav-item elementskit-mobile-builder-content\" data-vertical-menu=750px><a href=\"https:\/\/niteroidebicicleta.niteroi.rj.gov.br\/?page_id=1580\" class=\"ekit-menu-nav-link\">Servi\u00e7os<\/a><\/li>\n<li id=\"menu-item-1764\" class=\"menu-item menu-item-type-post_type menu-item-object-page menu-item-1764 nav-item elementskit-mobile-builder-content\" data-vertical-menu=750px><a href=\"https:\/\/niteroidebicicleta.niteroi.rj.gov.br\/?page_id=1762\" class=\"ekit-menu-nav-link\">Cultura da Bicicleta<\/a><\/li>\n<li id=\"menu-item-1841\" class=\"menu-item menu-item-type-post_type menu-item-object-page menu-item-1841 nav-item elementskit-mobile-builder-content\" data-vertical-menu=750px><a href=\"https:\/\/niteroidebicicleta.niteroi.rj.gov.br\/?page_id=1838\" class=\"ekit-menu-nav-link\">Dados Abertos<\/a><\/li>\n<li id=\"menu-item-1663\" class=\"menu-item menu-item-type-post_type menu-item-object-page menu-item-1663 nav-item elementskit-mobile-builder-content\" data-vertical-menu=750px><a href=\"https:\/\/niteroidebicicleta.niteroi.rj.gov.br\/?page_id=1662\" class=\"ekit-menu-nav-link\">Canais de Comunica\u00e7\u00e3o<\/a><\/li>\n<\/ul><div class=\"elementskit-nav-identity-panel\"><button class=\"elementskit-menu-close elementskit-menu-toggler\" type=\"button\">X<\/button><\/div><\/div>\n\t\t\t<div class=\"elementskit-menu-overlay elementskit-menu-offcanvas-elements elementskit-menu-toggler ekit-nav-menu--overlay\"><\/div>        <\/nav>\n\t\t\t\t\t\t<\/div>\n\t\t\t\t<\/div>\n\t\t\t\t<\/div>\n\t\t\t\t<\/div>\n\t\t\t\t<\/div>\n\t\t<div class=\"elementor-element elementor-element-754e316 e-flex e-con-boxed e-con e-parent\" data-id=\"754e316\" data-element_type=\"container\" data-e-type=\"container\">\n\t\t\t\t\t<div class=\"e-con-inner\">\n\t\t\t\t<div class=\"elementor-element elementor-element-ee43110 elementor-widget elementor-widget-heading\" data-id=\"ee43110\" data-element_type=\"widget\" data-e-type=\"widget\" data-widget_type=\"heading.default\">\n\t\t\t\t<div class=\"elementor-widget-container\">\n\t\t\t\t\t<h2 class=\"elementor-heading-title elementor-size-default\">Dados Abertos<\/h2>\t\t\t\t<\/div>\n\t\t\t\t<\/div>\n\t\t\t\t\t<\/div>\n\t\t\t\t<\/div>\n\t\t<div class=\"elementor-element elementor-element-e290256 e-flex e-con-boxed e-con e-parent\" data-id=\"e290256\" data-element_type=\"container\" data-e-type=\"container\">\n\t\t\t\t\t<div class=\"e-con-inner\">\n\t\t\t\t<div class=\"elementor-element elementor-element-a0e6ea4 elementor-widget elementor-widget-heading\" data-id=\"a0e6ea4\" data-element_type=\"widget\" data-e-type=\"widget\" data-widget_type=\"heading.default\">\n\t\t\t\t<div class=\"elementor-widget-container\">\n\t\t\t\t\t<h2 class=\"elementor-heading-title elementor-size-default\">Malha Ciclovi\u00e1ria de Niter\u00f3i<\/h2>\t\t\t\t<\/div>\n\t\t\t\t<\/div>\n\t\t\t\t\t<\/div>\n\t\t\t\t<\/div>\n\t\t<div class=\"elementor-element elementor-element-25d44c9 e-flex e-con-boxed e-con e-parent\" data-id=\"25d44c9\" data-element_type=\"container\" data-e-type=\"container\">\n\t\t\t\t\t<div class=\"e-con-inner\">\n\t\t<div class=\"elementor-element elementor-element-9993df8 e-con-full e-flex e-con e-child\" data-id=\"9993df8\" data-element_type=\"container\" data-e-type=\"container\">\n\t\t\t\t<div class=\"elementor-element elementor-element-6ffe5bf elementor-widget__width-initial elementor-widget elementor-widget-text-editor\" data-id=\"6ffe5bf\" data-element_type=\"widget\" data-e-type=\"widget\" data-widget_type=\"text-editor.default\">\n\t\t\t\t<div class=\"elementor-widget-container\">\n\t\t\t\t\t\t\t\t\t<p>Nos \u00faltimos 12 anos, Niter\u00f3i consolidou-se como refer\u00eancia nacional em mobilidade sustent\u00e1vel. Nesse per\u00edodo, a Prefeitura promoveu uma expans\u00e3o expressiva da malha ciclovi\u00e1ria, que cresceu mais de 330%, passando de 20 quil\u00f4metros para 86 quil\u00f4metros em 2025.<\/p><p>Atualmente, a cidade j\u00e1 conta com mais de 90 quil\u00f4metros de infraestrutura ciclovi\u00e1ria e segue avan\u00e7ando com novos projetos e melhorias cont\u00ednuas.<\/p>\t\t\t\t\t\t\t\t<\/div>\n\t\t\t\t<\/div>\n\t\t\t\t<\/div>\n\t\t<div class=\"elementor-element elementor-element-1954115 e-con-full e-flex e-con e-child\" data-id=\"1954115\" data-element_type=\"container\" data-e-type=\"container\">\n\t\t\t\t<div class=\"elementor-element elementor-element-cd3a9d5 elementor-widget__width-initial elementor-widget elementor-widget-image\" data-id=\"cd3a9d5\" data-element_type=\"widget\" data-e-type=\"widget\" data-widget_type=\"image.default\">\n\t\t\t\t<div class=\"elementor-widget-container\">\n\t\t\t\t\t\t\t\t\t\t\t\t\t\t\t\t<a href=\"https:\/\/www.sigeo.niteroi.rj.gov.br\/datasets\/a5b80394b25444abac597c247f9196d3_0\/explore?location=-22.950053%2C-43.034172%2C12.91\" target=\"_blank\">\n\t\t\t\t\t\t\t<img fetchpriority=\"high\" decoding=\"async\" width=\"854\" height=\"480\" src=\"https:\/\/niteroidebicicleta.niteroi.rj.gov.br\/wp-content\/uploads\/2026\/04\/Site-3.0-9.png\" class=\"elementor-animation-float attachment-full size-full wp-image-2195\" alt=\"\" \/>\t\t\t\t\t\t\t\t<\/a>\n\t\t\t\t\t\t\t\t\t\t\t\t\t\t\t<\/div>\n\t\t\t\t<\/div>\n\t\t\t\t<\/div>\n\t\t\t\t\t<\/div>\n\t\t\t\t<\/div>\n\t\t<div class=\"elementor-element elementor-element-fc0e352 e-flex e-con-boxed e-con e-parent\" data-id=\"fc0e352\" data-element_type=\"container\" data-e-type=\"container\">\n\t\t\t\t\t<div class=\"e-con-inner\">\n\t\t\t\t<div class=\"elementor-element elementor-element-a61b924 elementor-widget-divider--view-line elementor-widget elementor-widget-divider\" data-id=\"a61b924\" data-element_type=\"widget\" data-e-type=\"widget\" data-widget_type=\"divider.default\">\n\t\t\t\t<div class=\"elementor-widget-container\">\n\t\t\t\t\t\t\t<div class=\"elementor-divider\">\n\t\t\t<span class=\"elementor-divider-separator\">\n\t\t\t\t\t\t<\/span>\n\t\t<\/div>\n\t\t\t\t\t\t<\/div>\n\t\t\t\t<\/div>\n\t\t\t\t<div class=\"elementor-element elementor-element-a562673 elementor-widget elementor-widget-heading\" data-id=\"a562673\" data-element_type=\"widget\" data-e-type=\"widget\" data-widget_type=\"heading.default\">\n\t\t\t\t<div class=\"elementor-widget-container\">\n\t\t\t\t\t<h2 class=\"elementor-heading-title elementor-size-default\">Esta\u00e7\u00f5es da NitBike<\/h2>\t\t\t\t<\/div>\n\t\t\t\t<\/div>\n\t\t\t\t\t<\/div>\n\t\t\t\t<\/div>\n\t\t<div class=\"elementor-element elementor-element-2f2a3e3 e-flex e-con-boxed e-con e-parent\" data-id=\"2f2a3e3\" data-element_type=\"container\" data-e-type=\"container\">\n\t\t\t\t\t<div class=\"e-con-inner\">\n\t\t<div class=\"elementor-element elementor-element-d45be29 e-con-full e-flex e-con e-child\" data-id=\"d45be29\" data-element_type=\"container\" data-e-type=\"container\">\n\t\t\t\t<div class=\"elementor-element elementor-element-dde6427 elementor-widget__width-initial elementor-widget elementor-widget-text-editor\" data-id=\"dde6427\" data-element_type=\"widget\" data-e-type=\"widget\" data-widget_type=\"text-editor.default\">\n\t\t\t\t<div class=\"elementor-widget-container\">\n\t\t\t\t\t\t\t\t\t<p class=\"cvGsUA direction-ltr align-start para-style-body\">Acesse o site do SIGeo para visualizar o mapa interativo com a localiza\u00e7\u00e3o das esta\u00e7\u00f5es do NitBike em Niter\u00f3i. Na plataforma, \u00e9 poss\u00edvel consultar de forma georreferenciada onde est\u00e3o distribu\u00eddas as esta\u00e7\u00f5es do sistema de bicicletas compartilhadas pela cidade, facilitando a identifica\u00e7\u00e3o dos pontos de retirada e devolu\u00e7\u00e3o das bicicletas.<\/p>\t\t\t\t\t\t\t\t<\/div>\n\t\t\t\t<\/div>\n\t\t\t\t<\/div>\n\t\t<div class=\"elementor-element elementor-element-085e8a0 e-con-full e-flex e-con e-child\" data-id=\"085e8a0\" data-element_type=\"container\" data-e-type=\"container\">\n\t\t\t\t<div class=\"elementor-element elementor-element-5626357 elementor-widget__width-initial elementor-widget elementor-widget-image\" data-id=\"5626357\" data-element_type=\"widget\" data-e-type=\"widget\" data-widget_type=\"image.default\">\n\t\t\t\t<div class=\"elementor-widget-container\">\n\t\t\t\t\t\t\t\t\t\t\t\t\t\t\t\t<a href=\"https:\/\/www.sigeo.niteroi.rj.gov.br\/datasets\/b61d52fd263940719644e50967cb8dc3_0\/explore?location=-22.888579%2C-43.106586%2C14\" target=\"_blank\">\n\t\t\t\t\t\t\t<img decoding=\"async\" width=\"854\" height=\"480\" src=\"https:\/\/niteroidebicicleta.niteroi.rj.gov.br\/wp-content\/uploads\/2026\/04\/Site-3.0-10.png\" class=\"elementor-animation-float attachment-full size-full wp-image-2197\" alt=\"\" \/>\t\t\t\t\t\t\t\t<\/a>\n\t\t\t\t\t\t\t\t\t\t\t\t\t\t\t<\/div>\n\t\t\t\t<\/div>\n\t\t\t\t<\/div>\n\t\t\t\t\t<\/div>\n\t\t\t\t<\/div>\n\t\t<div class=\"elementor-element elementor-element-bd5178d e-flex e-con-boxed e-con e-parent\" data-id=\"bd5178d\" data-element_type=\"container\" data-e-type=\"container\">\n\t\t\t\t\t<div class=\"e-con-inner\">\n\t\t\t\t<div class=\"elementor-element elementor-element-ae12d3c elementor-widget-divider--view-line elementor-widget elementor-widget-divider\" data-id=\"ae12d3c\" data-element_type=\"widget\" data-e-type=\"widget\" data-widget_type=\"divider.default\">\n\t\t\t\t<div class=\"elementor-widget-container\">\n\t\t\t\t\t\t\t<div class=\"elementor-divider\">\n\t\t\t<span class=\"elementor-divider-separator\">\n\t\t\t\t\t\t<\/span>\n\t\t<\/div>\n\t\t\t\t\t\t<\/div>\n\t\t\t\t<\/div>\n\t\t\t\t\t<\/div>\n\t\t\t\t<\/div>\n\t\t<div class=\"elementor-element elementor-element-eb43b39 e-flex e-con-boxed e-con e-parent\" data-id=\"eb43b39\" data-element_type=\"container\" data-e-type=\"container\">\n\t\t\t\t\t<div class=\"e-con-inner\">\n\t\t\t\t<div class=\"elementor-element elementor-element-cdd0209 elementor-widget elementor-widget-heading\" data-id=\"cdd0209\" data-element_type=\"widget\" data-e-type=\"widget\" data-widget_type=\"heading.default\">\n\t\t\t\t<div class=\"elementor-widget-container\">\n\t\t\t\t\t<h2 class=\"elementor-heading-title elementor-size-default\">Conta Bike<\/h2>\t\t\t\t<\/div>\n\t\t\t\t<\/div>\n\t\t\t\t\t<\/div>\n\t\t\t\t<\/div>\n\t\t<div class=\"elementor-element elementor-element-0402e98 e-flex e-con-boxed e-con e-parent\" data-id=\"0402e98\" data-element_type=\"container\" data-e-type=\"container\">\n\t\t\t\t\t<div class=\"e-con-inner\">\n\t\t<div class=\"elementor-element elementor-element-67d08de e-con-full e-flex e-con e-child\" data-id=\"67d08de\" data-element_type=\"container\" data-e-type=\"container\">\n\t\t\t\t<div class=\"elementor-element elementor-element-d51a31d elementor-widget__width-initial elementor-widget elementor-widget-text-editor\" data-id=\"d51a31d\" data-element_type=\"widget\" data-e-type=\"widget\" data-widget_type=\"text-editor.default\">\n\t\t\t\t<div class=\"elementor-widget-container\">\n\t\t\t\t\t\t\t\t\t<p>Acesse o site do Eco Counter para acompanhar a contagem de ciclistas realizada diariamente nas ciclovias mais movimentadas de Niter\u00f3i. A plataforma apresenta dados atualizados sobre o fluxo de bicicletas em pontos estrat\u00e9gicos da cidade, permitindo visualizar quantas pessoas utilizam a infraestrutura ciclovi\u00e1ria ao longo do dia, da semana ou do ano.<\/p>\t\t\t\t\t\t\t\t<\/div>\n\t\t\t\t<\/div>\n\t\t\t\t<\/div>\n\t\t<div class=\"elementor-element elementor-element-5f13bd5 e-con-full e-flex e-con e-child\" data-id=\"5f13bd5\" data-element_type=\"container\" data-e-type=\"container\">\n\t\t\t\t<div class=\"elementor-element elementor-element-cd64d3d elementor-widget__width-initial elementor-widget elementor-widget-image\" data-id=\"cd64d3d\" data-element_type=\"widget\" data-e-type=\"widget\" data-widget_type=\"image.default\">\n\t\t\t\t<div class=\"elementor-widget-container\">\n\t\t\t\t\t\t\t\t\t\t\t\t\t\t\t\t<a href=\"https:\/\/data.eco-counter.com\/ParcPublic\/?id=9045\" target=\"_blank\">\n\t\t\t\t\t\t\t<img decoding=\"async\" width=\"800\" height=\"450\" src=\"https:\/\/niteroidebicicleta.niteroi.rj.gov.br\/wp-content\/uploads\/2026\/04\/Site-3.0-19.png\" class=\"elementor-animation-float attachment-large size-large wp-image-2224\" alt=\"\" \/>\t\t\t\t\t\t\t\t<\/a>\n\t\t\t\t\t\t\t\t\t\t\t\t\t\t\t<\/div>\n\t\t\t\t<\/div>\n\t\t\t\t<\/div>\n\t\t\t\t\t<\/div>\n\t\t\t\t<\/div>\n\t\t<div class=\"elementor-element elementor-element-1fffcf6 e-flex e-con-boxed e-con e-parent\" data-id=\"1fffcf6\" data-element_type=\"container\" data-e-type=\"container\">\n\t\t\t\t\t<div class=\"e-con-inner\">\n\t\t\t\t<div class=\"elementor-element elementor-element-eec5cf6 elementor-widget-divider--view-line elementor-widget elementor-widget-divider\" data-id=\"eec5cf6\" data-element_type=\"widget\" data-e-type=\"widget\" data-widget_type=\"divider.default\">\n\t\t\t\t<div class=\"elementor-widget-container\">\n\t\t\t\t\t\t\t<div class=\"elementor-divider\">\n\t\t\t<span class=\"elementor-divider-separator\">\n\t\t\t\t\t\t<\/span>\n\t\t<\/div>\n\t\t\t\t\t\t<\/div>\n\t\t\t\t<\/div>\n\t\t\t\t\t<\/div>\n\t\t\t\t<\/div>\n\t\t<div class=\"elementor-element elementor-element-176a4cb e-flex e-con-boxed e-con e-parent\" data-id=\"176a4cb\" data-element_type=\"container\" data-e-type=\"container\">\n\t\t\t\t\t<div class=\"e-con-inner\">\n\t\t\t\t<div class=\"elementor-element elementor-element-1538aae elementor-widget elementor-widget-heading\" data-id=\"1538aae\" data-element_type=\"widget\" data-e-type=\"widget\" data-widget_type=\"heading.default\">\n\t\t\t\t<div class=\"elementor-widget-container\">\n\t\t\t\t\t<h2 class=\"elementor-heading-title elementor-size-default\">Paraciclos<\/h2>\t\t\t\t<\/div>\n\t\t\t\t<\/div>\n\t\t\t\t\t<\/div>\n\t\t\t\t<\/div>\n\t\t<div class=\"elementor-element elementor-element-0c045d8 e-flex e-con-boxed e-con e-parent\" data-id=\"0c045d8\" data-element_type=\"container\" data-e-type=\"container\">\n\t\t\t\t\t<div class=\"e-con-inner\">\n\t\t<div class=\"elementor-element elementor-element-c1512d7 e-con-full e-flex e-con e-child\" data-id=\"c1512d7\" data-element_type=\"container\" data-e-type=\"container\">\n\t\t\t\t<div class=\"elementor-element elementor-element-0f1e884 elementor-widget__width-initial elementor-widget elementor-widget-text-editor\" data-id=\"0f1e884\" data-element_type=\"widget\" data-e-type=\"widget\" data-widget_type=\"text-editor.default\">\n\t\t\t\t<div class=\"elementor-widget-container\">\n\t\t\t\t\t\t\t\t\t<p>Acesse o site do SIGeo para visualizar, de forma interativa, os pontos de paraciclos dispon\u00edveis em Niter\u00f3i. No portal, \u00e9 poss\u00edvel consultar o mapa da cidade, que apresenta a localiza\u00e7\u00e3o da infraestrutura ciclovi\u00e1ria, incluindo paraciclos, ciclovias e outros equipamentos voltados \u00e0 mobilidade por bicicleta.<\/p>\t\t\t\t\t\t\t\t<\/div>\n\t\t\t\t<\/div>\n\t\t\t\t<\/div>\n\t\t<div class=\"elementor-element elementor-element-9732333 e-con-full e-flex e-con e-child\" data-id=\"9732333\" data-element_type=\"container\" data-e-type=\"container\">\n\t\t\t\t<div class=\"elementor-element elementor-element-964ffdd elementor-widget__width-initial elementor-widget elementor-widget-image\" data-id=\"964ffdd\" data-element_type=\"widget\" data-e-type=\"widget\" data-widget_type=\"image.default\">\n\t\t\t\t<div class=\"elementor-widget-container\">\n\t\t\t\t\t\t\t\t\t\t\t\t\t\t\t\t<a href=\"https:\/\/www.sigeo.niteroi.rj.gov.br\/datasets\/3b8ed049f9074316b9283bfe8f6c6923_0\/explore?location=-22.917287%2C-43.060479%2C13\" target=\"_blank\">\n\t\t\t\t\t\t\t<img loading=\"lazy\" decoding=\"async\" width=\"800\" height=\"450\" src=\"https:\/\/niteroidebicicleta.niteroi.rj.gov.br\/wp-content\/uploads\/2026\/04\/Site-3.0-12.png\" class=\"elementor-animation-float attachment-large size-large wp-image-2202\" alt=\"\" \/>\t\t\t\t\t\t\t\t<\/a>\n\t\t\t\t\t\t\t\t\t\t\t\t\t\t\t<\/div>\n\t\t\t\t<\/div>\n\t\t\t\t<\/div>\n\t\t\t\t\t<\/div>\n\t\t\t\t<\/div>\n\t\t<div class=\"elementor-element elementor-element-a5d4a80 e-flex e-con-boxed e-con e-parent\" data-id=\"a5d4a80\" data-element_type=\"container\" data-e-type=\"container\">\n\t\t\t\t\t<div class=\"e-con-inner\">\n\t\t\t\t<div class=\"elementor-element elementor-element-5bb78f1 elementor-widget-divider--view-line elementor-widget elementor-widget-divider\" data-id=\"5bb78f1\" data-element_type=\"widget\" data-e-type=\"widget\" data-widget_type=\"divider.default\">\n\t\t\t\t<div class=\"elementor-widget-container\">\n\t\t\t\t\t\t\t<div class=\"elementor-divider\">\n\t\t\t<span class=\"elementor-divider-separator\">\n\t\t\t\t\t\t<\/span>\n\t\t<\/div>\n\t\t\t\t\t\t<\/div>\n\t\t\t\t<\/div>\n\t\t\t\t\t<\/div>\n\t\t\t\t<\/div>\n\t\t<div class=\"elementor-element elementor-element-d89556f e-flex e-con-boxed e-con e-parent\" data-id=\"d89556f\" data-element_type=\"container\" data-e-type=\"container\">\n\t\t\t\t\t<div class=\"e-con-inner\">\n\t\t\t\t<div class=\"elementor-element elementor-element-a4f9b8d elementor-widget elementor-widget-heading\" data-id=\"a4f9b8d\" data-element_type=\"widget\" data-e-type=\"widget\" data-widget_type=\"heading.default\">\n\t\t\t\t<div class=\"elementor-widget-container\">\n\t\t\t\t\t<h2 class=\"elementor-heading-title elementor-size-default\">Portal de Transpar\u00eancia<\/h2>\t\t\t\t<\/div>\n\t\t\t\t<\/div>\n\t\t\t\t\t<\/div>\n\t\t\t\t<\/div>\n\t\t<div class=\"elementor-element elementor-element-884dec0 e-flex e-con-boxed e-con e-parent\" data-id=\"884dec0\" data-element_type=\"container\" data-e-type=\"container\">\n\t\t\t\t\t<div class=\"e-con-inner\">\n\t\t<div class=\"elementor-element elementor-element-ba8c2c4 e-con-full e-flex e-con e-child\" data-id=\"ba8c2c4\" data-element_type=\"container\" data-e-type=\"container\">\n\t\t\t\t<div class=\"elementor-element elementor-element-3824820 elementor-widget__width-initial elementor-widget elementor-widget-text-editor\" data-id=\"3824820\" data-element_type=\"widget\" data-e-type=\"widget\" data-widget_type=\"text-editor.default\">\n\t\t\t\t<div class=\"elementor-widget-container\">\n\t\t\t\t\t\t\t\t\t<p>Acesse o Portal da Transpar\u00eancia da Prefeitura de Niter\u00f3i para consultar informa\u00e7\u00f5es p\u00fablicas sobre a gest\u00e3o municipal. No portal, o cidad\u00e3o pode acessar dados sobre receitas e despesas da prefeitura, obras em andamento, relat\u00f3rios e outros documentos oficiais.<\/p>\t\t\t\t\t\t\t\t<\/div>\n\t\t\t\t<\/div>\n\t\t\t\t<\/div>\n\t\t<div class=\"elementor-element elementor-element-558b336 e-con-full e-flex e-con e-child\" data-id=\"558b336\" data-element_type=\"container\" data-e-type=\"container\">\n\t\t\t\t<div class=\"elementor-element elementor-element-be7c0ac elementor-widget__width-initial elementor-widget elementor-widget-image\" data-id=\"be7c0ac\" data-element_type=\"widget\" data-e-type=\"widget\" data-widget_type=\"image.default\">\n\t\t\t\t<div class=\"elementor-widget-container\">\n\t\t\t\t\t\t\t\t\t\t\t\t\t\t\t\t<a href=\"https:\/\/transparencia.niteroi.rj.gov.br\/#\/\" target=\"_blank\">\n\t\t\t\t\t\t\t<img loading=\"lazy\" decoding=\"async\" width=\"800\" height=\"450\" src=\"https:\/\/niteroidebicicleta.niteroi.rj.gov.br\/wp-content\/uploads\/2026\/04\/Site-3.0-20.png\" class=\"elementor-animation-float attachment-large size-large wp-image-2225\" alt=\"\" \/>\t\t\t\t\t\t\t\t<\/a>\n\t\t\t\t\t\t\t\t\t\t\t\t\t\t\t<\/div>\n\t\t\t\t<\/div>\n\t\t\t\t<\/div>\n\t\t\t\t\t<\/div>\n\t\t\t\t<\/div>\n\t\t<div class=\"elementor-element elementor-element-751681a e-flex e-con-boxed e-con e-parent\" data-id=\"751681a\" data-element_type=\"container\" data-e-type=\"container\">\n\t\t\t\t\t<div class=\"e-con-inner\">\n\t\t\t\t<div class=\"elementor-element elementor-element-0a8bd59 elementor-widget elementor-widget-text-editor\" data-id=\"0a8bd59\" data-element_type=\"widget\" data-e-type=\"widget\" data-widget_type=\"text-editor.default\">\n\t\t\t\t<div class=\"elementor-widget-container\">\n\t\t\t\t\t\t\t\t\t<p style=\"text-align: center;\">Voc\u00ea \u00e9 pesquisador e tem interesse em mais informa\u00e7\u00f5es? Fale conosco atrav\u00e9s dos canais de comunica\u00e7\u00e3o do Niter\u00f3i de Bicicleta!<\/p>\t\t\t\t\t\t\t\t<\/div>\n\t\t\t\t<\/div>\n\t\t\t\t\t<\/div>\n\t\t\t\t<\/div>\n\t\t<div class=\"elementor-element elementor-element-a9da95a e-flex e-con-boxed e-con e-parent\" data-id=\"a9da95a\" data-element_type=\"container\" data-e-type=\"container\" data-settings=\"{&quot;background_background&quot;:&quot;gradient&quot;}\">\n\t\t\t\t\t<div class=\"e-con-inner\">\n\t\t\t\t\t<\/div>\n\t\t\t\t<\/div>\n\t\t\t\t<\/div>\n\t\t\n    <div class=\"xs_social_share_widget xs_share_url after_content \t\tmain_content  wslu-style-1 wslu-share-box-shaped wslu-fill-colored wslu-none wslu-share-horizontal wslu-theme-font-no wslu-main_content\">\n\n\t\t\n        <ul>\n\t\t\t        <\/ul>\n    <\/div> \n","protected":false},"excerpt":{"rendered":"<p>Institucional Servi\u00e7os Cultura da Bicicleta Dados Abertos Canais de Comunica\u00e7\u00e3o X Dados Abertos Malha Ciclovi\u00e1ria de Niter\u00f3i Nos \u00faltimos 12 anos, Niter\u00f3i consolidou-se como refer\u00eancia nacional em mobilidade sustent\u00e1vel. Nesse per\u00edodo, a Prefeitura promoveu uma expans\u00e3o expressiva da malha ciclovi\u00e1ria, que cresceu mais de 330%, passando de 20 quil\u00f4metros para 86 quil\u00f4metros em 2025. Atualmente, [&hellip;]<\/p>\n","protected":false},"author":4,"featured_media":0,"parent":0,"menu_order":0,"comment_status":"closed","ping_status":"closed","template":"","meta":{"postBodyCss":"","postBodyMargin":[],"postBodyPadding":[],"postBodyBackground":{"backgroundType":"classic","gradient":""},"footnotes":""},"class_list":["post-1838","page","type-page","status-publish","hentry"],"_links":{"self":[{"href":"https:\/\/niteroidebicicleta.niteroi.rj.gov.br\/index.php?rest_route=\/wp\/v2\/pages\/1838","targetHints":{"allow":["GET"]}}],"collection":[{"href":"https:\/\/niteroidebicicleta.niteroi.rj.gov.br\/index.php?rest_route=\/wp\/v2\/pages"}],"about":[{"href":"https:\/\/niteroidebicicleta.niteroi.rj.gov.br\/index.php?rest_route=\/wp\/v2\/types\/page"}],"author":[{"embeddable":true,"href":"https:\/\/niteroidebicicleta.niteroi.rj.gov.br\/index.php?rest_route=\/wp\/v2\/users\/4"}],"replies":[{"embeddable":true,"href":"https:\/\/niteroidebicicleta.niteroi.rj.gov.br\/index.php?rest_route=%2Fwp%2Fv2%2Fcomments&post=1838"}],"version-history":[{"count":64,"href":"https:\/\/niteroidebicicleta.niteroi.rj.gov.br\/index.php?rest_route=\/wp\/v2\/pages\/1838\/revisions"}],"predecessor-version":[{"id":2300,"href":"https:\/\/niteroidebicicleta.niteroi.rj.gov.br\/index.php?rest_route=\/wp\/v2\/pages\/1838\/revisions\/2300"}],"wp:attachment":[{"href":"https:\/\/niteroidebicicleta.niteroi.rj.gov.br\/index.php?rest_route=%2Fwp%2Fv2%2Fmedia&parent=1838"}],"curies":[{"name":"wp","href":"https:\/\/api.w.org\/{rel}","templated":true}]}}